{"id":42,"date":"2024-03-07T02:12:45","date_gmt":"2024-03-07T02:12:45","guid":{"rendered":"https:\/\/nicova.ca\/our-story\/"},"modified":"2024-04-15T22:38:19","modified_gmt":"2024-04-15T22:38:19","slug":"about-us","status":"publish","type":"page","link":"https:\/\/nicova.ca\/fr\/about-us\/","title":{"rendered":"Historique"},"content":{"rendered":"<div data-elementor-type=\"wp-page\" data-elementor-id=\"42\" class=\"elementor elementor-42\" data-elementor-post-type=\"page\">\n\t\t\t\t<div class=\"elementor-element elementor-element-4f6e4bd8 e-con-full e-flex e-con e-parent\" data-id=\"4f6e4bd8\" data-element_type=\"container\" data-e-type=\"container\" data-settings=\"{&quot;background_background&quot;:&quot;classic&quot;}\">\n\t\t\t\t<div class=\"elementor-element elementor-element-195ffcc6 animated-slow elementor-invisible elementor-widget elementor-widget-heading\" data-id=\"195ffcc6\" data-element_type=\"widget\" data-e-type=\"widget\" data-settings=\"{&quot;_animation&quot;:&quot;slideInUp&quot;}\" data-widget_type=\"heading.default\">\n\t\t\t\t<div class=\"elementor-widget-container\">\n\t\t\t\t\t<h2 class=\"elementor-heading-title elementor-size-default\">Notre \u00e9quipe<\/h2>\t\t\t\t<\/div>\n\t\t\t\t<\/div>\n\t\t\t\t<div class=\"elementor-element elementor-element-ae6a084 animated-slow elementor-invisible elementor-widget elementor-widget-heading\" data-id=\"ae6a084\" data-element_type=\"widget\" data-e-type=\"widget\" data-settings=\"{&quot;_animation&quot;:&quot;slideInUp&quot;}\" data-widget_type=\"heading.default\">\n\t\t\t\t<div class=\"elementor-widget-container\">\n\t\t\t\t\t<h2 class=\"elementor-heading-title elementor-size-default\">Historique<\/h2>\t\t\t\t<\/div>\n\t\t\t\t<\/div>\n\t\t<div class=\"elementor-element elementor-element-2a6fa0ba e-con-full e-flex e-con e-child\" data-id=\"2a6fa0ba\" data-element_type=\"container\" data-e-type=\"container\">\n\t\t<div class=\"elementor-element elementor-element-34d46ba7 animated-slow e-con-full e-flex elementor-invisible e-con e-child\" data-id=\"34d46ba7\" data-element_type=\"container\" data-e-type=\"container\" data-settings=\"{&quot;background_background&quot;:&quot;classic&quot;,&quot;animation&quot;:&quot;fadeInUp&quot;,&quot;animation_delay&quot;:600}\">\n\t\t\t\t<\/div>\n\t\t<div class=\"elementor-element elementor-element-260b34fa e-con-full e-flex e-con e-child\" data-id=\"260b34fa\" data-element_type=\"container\" data-e-type=\"container\">\n\t\t\t\t<div class=\"elementor-element elementor-element-67523f9 animated-slow elementor-invisible elementor-widget elementor-widget-heading\" data-id=\"67523f9\" data-element_type=\"widget\" data-e-type=\"widget\" data-settings=\"{&quot;_animation&quot;:&quot;slideInUp&quot;}\" data-widget_type=\"heading.default\">\n\t\t\t\t<div class=\"elementor-widget-container\">\n\t\t\t\t\t<h2 class=\"elementor-heading-title elementor-size-default\">Produit 100% qu\u00e9b\u00e9cois<\/h2>\t\t\t\t<\/div>\n\t\t\t\t<\/div>\n\t\t\t\t<div class=\"elementor-element elementor-element-05ca77a elementor-widget elementor-widget-text-editor\" data-id=\"05ca77a\" data-element_type=\"widget\" data-e-type=\"widget\" data-widget_type=\"text-editor.default\">\n\t\t\t\t<div class=\"elementor-widget-container\">\n\t\t\t\t\t\t\t\t\t<p>\u00c9tablie dans la r\u00e9gion de Drummondville depuis sa fondation,\u00a0NICOVA\u00a0est une entreprise familiale sp\u00e9cialis\u00e9e dans la fabrication, la vente et l\u2019installation de coffres de transport et d\u2019accessoires de v\u00e9lo. L\u2019\u00e9quipe de\u00a0NICOVA\u00a0a rapidement acquis une solide r\u00e9putation dans le milieu du cyclisme et du\u00a0caravaning\u00a0gr\u00e2ce \u00e0 ses conceptions et \u00e0 ses r\u00e9alisations originales et adapt\u00e9es aux besoins de sa client\u00e8le.\nL\u2019aventure a d\u00e9but\u00e9 quand le fondateur de l\u2019entreprise, M. Nicolas Boisvert, un cycliste habile de ses mains et ing\u00e9nieux, a souhait\u00e9 prot\u00e9ger ses v\u00e9los des intemp\u00e9ries survenant lors de ses d\u00e9placements r\u00e9cr\u00e9atifs. Il a alors con\u00e7u un coffre pivotant \u00e9tanche et l\u00e9ger qui s\u2019installe sur l\u2019attache-remorque d\u2019un v\u00e9hicule, sans nuire \u00e0 la vision ou \u00e0 l\u2019acc\u00e8s aux portes arri\u00e8re, et que l\u2019on transporte et range facilement gr\u00e2ce \u00e0 un petit chariot. Depuis, la structure de t\u00f4le assembl\u00e9e avec des rivets a \u00e9t\u00e9 remplac\u00e9e par de la fibre de verre moul\u00e9e et d\u2019autres produits se sont ajout\u00e9s \u00e0 la gamme de NICOVA, dont le Coco V\u00e9lo et des coffres de diff\u00e9rentes tailles.<\/p>\t\t\t\t\t\t\t\t<\/div>\n\t\t\t\t<\/div>\n\t\t\t\t<div class=\"elementor-element elementor-element-1745245 elementor-widget elementor-widget-image\" data-id=\"1745245\" data-element_type=\"widget\" data-e-type=\"widget\" data-widget_type=\"image.default\">\n\t\t\t\t<div class=\"elementor-widget-container\">\n\t\t\t\t\t\t\t\t\t\t\t\t\t\t\t<img fetchpriority=\"high\" decoding=\"async\" width=\"800\" height=\"552\" src=\"https:\/\/nicova.ca\/wp-content\/uploads\/2024\/04\/equipe-nicova.jpg\" class=\"attachment-large size-large wp-image-238\" alt=\"\" srcset=\"https:\/\/nicova.ca\/wp-content\/uploads\/2024\/04\/equipe-nicova.jpg 1000w, https:\/\/nicova.ca\/wp-content\/uploads\/2024\/04\/equipe-nicova-300x207.jpg 300w, https:\/\/nicova.ca\/wp-content\/uploads\/2024\/04\/equipe-nicova-768x530.jpg 768w\" sizes=\"(max-width: 800px) 100vw, 800px\" \/>\t\t\t\t\t\t\t\t\t\t\t\t\t\t\t<\/div>\n\t\t\t\t<\/div>\n\t\t\t\t<div class=\"elementor-element elementor-element-07ee561 elementor-widget elementor-widget-text-editor\" data-id=\"07ee561\" data-element_type=\"widget\" data-e-type=\"widget\" data-widget_type=\"text-editor.default\">\n\t\t\t\t<div class=\"elementor-widget-container\">\n\t\t\t\t\t\t\t\t\t<p>En 2012, de nouveaux propri\u00e9taires prennent le relais, amenant NICOVA \u00e0 continuer d\u2019am\u00e9liorer et de diversifier ses produits, ses designs et ses proc\u00e9d\u00e9s de fabrication. Leurs multiples talents ouvrent la porte \u00e0 l\u2019exp\u00e9rimentation\u00a0: ils cr\u00e9ent des produits sur mesure ainsi que de nouveaux mod\u00e8les, en conservant un grand souci de qualit\u00e9.<\/p>\t\t\t\t\t\t\t\t<\/div>\n\t\t\t\t<\/div>\n\t\t\t\t<\/div>\n\t\t\t\t<\/div>\n\t\t\t\t<\/div>\n\t\t\t\t<\/div>","protected":false},"excerpt":{"rendered":"<p>Our team about us 100% Made in Quebec The journey began with a when the company\u2019s founder, Mr Nicolas Boisvert, a resourceful cyclist who is clever with his hands, wished to protect his bicycles from bad weather during his recreational trips. He then designed a light, watertight swivel cargo box that can be mounted on [&hellip;]<\/p>","protected":false},"author":1,"featured_media":0,"parent":0,"menu_order":0,"comment_status":"closed","ping_status":"closed","template":"elementor_header_footer","meta":{"footnotes":""},"class_list":["post-42","page","type-page","status-publish","hentry"],"_links":{"self":[{"href":"https:\/\/nicova.ca\/fr\/wp-json\/wp\/v2\/pages\/42","targetHints":{"allow":["GET"]}}],"collection":[{"href":"https:\/\/nicova.ca\/fr\/wp-json\/wp\/v2\/pages"}],"about":[{"href":"https:\/\/nicova.ca\/fr\/wp-json\/wp\/v2\/types\/page"}],"author":[{"embeddable":true,"href":"https:\/\/nicova.ca\/fr\/wp-json\/wp\/v2\/users\/1"}],"replies":[{"embeddable":true,"href":"https:\/\/nicova.ca\/fr\/wp-json\/wp\/v2\/comments?post=42"}],"version-history":[{"count":27,"href":"https:\/\/nicova.ca\/fr\/wp-json\/wp\/v2\/pages\/42\/revisions"}],"predecessor-version":[{"id":672,"href":"https:\/\/nicova.ca\/fr\/wp-json\/wp\/v2\/pages\/42\/revisions\/672"}],"wp:attachment":[{"href":"https:\/\/nicova.ca\/fr\/wp-json\/wp\/v2\/media?parent=42"}],"curies":[{"name":"wp","href":"https:\/\/api.w.org\/{rel}","templated":true}]}}